{"id":6,"date":"2025-12-29T12:05:30","date_gmt":"2025-12-29T12:05:30","guid":{"rendered":"https:\/\/especiais.estadao.com.br\/amazon\/evolucao-do-consumidor\/?page_id=6"},"modified":"2026-01-02T16:45:56","modified_gmt":"2026-01-02T16:45:56","slug":"amazon-evolucao-do-consumidor","status":"publish","type":"page","link":"https:\/\/especiais.estadao.com.br\/amazon\/evolucao-do-consumidor\/","title":{"rendered":"Amazon \u2013 Evolu\u00e7\u00e3o do Consumidor"},"content":{"rendered":"","protected":false},"excerpt":{"rendered":"","protected":false},"author":1,"featured_media":0,"parent":0,"menu_order":0,"comment_status":"closed","ping_status":"closed","template":"template-home-GSAP.php","meta":{"footnotes":""},"class_list":["post-6","page","type-page","status-publish","hentry"],"yoast_head":"<!-- This site is optimized with the Yoast SEO plugin v27.2 - https:\/\/yoast.com\/product\/yoast-seo-wordpress\/ -->\n<title>A evolu\u00e7\u00e3o do consumidor no Brasil, apresentado por Amazon Ads<\/title>\n<meta name=\"description\" content=\"Unidos por paix\u00f5es e n\u00e3o mais divididos pela idade\" \/>\n<meta name=\"robots\" content=\"index, follow, max-snippet:-1, max-image-preview:large, max-video-preview:-1\" \/>\n<link rel=\"canonical\" href=\"https:\/\/especiais.estadao.com.br\/amazon\/evolucao-do-consumidor\/\" \/>\n<meta property=\"og:locale\" content=\"pt_BR\" \/>\n<meta property=\"og:type\" content=\"article\" \/>\n<meta property=\"og:title\" content=\"A evolu\u00e7\u00e3o do consumidor no Brasil, apresentado por Amazon Ads\" \/>\n<meta property=\"og:description\" content=\"Unidos por paix\u00f5es e n\u00e3o mais divididos pela idade\" \/>\n<meta property=\"og:url\" content=\"https:\/\/especiais.estadao.com.br\/amazon\/evolucao-do-consumidor\/\" \/>\n<meta property=\"og:site_name\" content=\"A evolu\u00e7\u00e3o do consumidor no Brasil, apresentado por Amazon Ads\" \/>\n<meta property=\"article:modified_time\" content=\"2026-01-02T16:45:56+00:00\" \/>\n<meta name=\"twitter:card\" content=\"summary_large_image\" \/>\n<script type=\"application\/ld+json\" class=\"yoast-schema-graph\">{\"@context\":\"https:\/\/schema.org\",\"@graph\":[{\"@type\":\"WebPage\",\"@id\":\"https:\/\/especiais.estadao.com.br\/amazon\/evolucao-do-consumidor\/\",\"url\":\"https:\/\/especiais.estadao.com.br\/amazon\/evolucao-do-consumidor\/\",\"name\":\"A evolu\u00e7\u00e3o do consumidor no Brasil, apresentado por Amazon Ads\",\"isPartOf\":{\"@id\":\"https:\/\/especiais.estadao.com.br\/amazon\/evolucao-do-consumidor\/#website\"},\"datePublished\":\"2025-12-29T12:05:30+00:00\",\"dateModified\":\"2026-01-02T16:45:56+00:00\",\"description\":\"Unidos por paix\u00f5es e n\u00e3o mais divididos pela idade\",\"breadcrumb\":{\"@id\":\"https:\/\/especiais.estadao.com.br\/amazon\/evolucao-do-consumidor\/#breadcrumb\"},\"inLanguage\":\"pt-BR\",\"potentialAction\":[{\"@type\":\"ReadAction\",\"target\":[\"https:\/\/especiais.estadao.com.br\/amazon\/evolucao-do-consumidor\/\"]}]},{\"@type\":\"BreadcrumbList\",\"@id\":\"https:\/\/especiais.estadao.com.br\/amazon\/evolucao-do-consumidor\/#breadcrumb\",\"itemListElement\":[{\"@type\":\"ListItem\",\"position\":1,\"name\":\"In\u00edcio\",\"item\":\"https:\/\/especiais.estadao.com.br\/amazon\/evolucao-do-consumidor\/\"},{\"@type\":\"ListItem\",\"position\":2,\"name\":\"Amazon \u2013 Evolu\u00e7\u00e3o do Consumidor\"}]},{\"@type\":\"WebSite\",\"@id\":\"https:\/\/especiais.estadao.com.br\/amazon\/evolucao-do-consumidor\/#website\",\"url\":\"https:\/\/especiais.estadao.com.br\/amazon\/evolucao-do-consumidor\/\",\"name\":\"A evolu\u00e7\u00e3o do consumidor no Brasil, apresentado por Amazon Ads\",\"description\":\"Unidos por paix\u00f5es e n\u00e3o mais divididos pela idade\",\"potentialAction\":[{\"@type\":\"SearchAction\",\"target\":{\"@type\":\"EntryPoint\",\"urlTemplate\":\"https:\/\/especiais.estadao.com.br\/amazon\/evolucao-do-consumidor\/?s={search_term_string}\"},\"query-input\":{\"@type\":\"PropertyValueSpecification\",\"valueRequired\":true,\"valueName\":\"search_term_string\"}}],\"inLanguage\":\"pt-BR\"}]}<\/script>\n<!-- \/ Yoast SEO plugin. -->","yoast_head_json":{"title":"A evolu\u00e7\u00e3o do consumidor no Brasil, apresentado por Amazon Ads","description":"Unidos por paix\u00f5es e n\u00e3o mais divididos pela idade","robots":{"index":"index","follow":"follow","max-snippet":"max-snippet:-1","max-image-preview":"max-image-preview:large","max-video-preview":"max-video-preview:-1"},"canonical":"https:\/\/especiais.estadao.com.br\/amazon\/evolucao-do-consumidor\/","og_locale":"pt_BR","og_type":"article","og_title":"A evolu\u00e7\u00e3o do consumidor no Brasil, apresentado por Amazon Ads","og_description":"Unidos por paix\u00f5es e n\u00e3o mais divididos pela idade","og_url":"https:\/\/especiais.estadao.com.br\/amazon\/evolucao-do-consumidor\/","og_site_name":"A evolu\u00e7\u00e3o do consumidor no Brasil, apresentado por Amazon Ads","article_modified_time":"2026-01-02T16:45:56+00:00","twitter_card":"summary_large_image","schema":{"@context":"https:\/\/schema.org","@graph":[{"@type":"WebPage","@id":"https:\/\/especiais.estadao.com.br\/amazon\/evolucao-do-consumidor\/","url":"https:\/\/especiais.estadao.com.br\/amazon\/evolucao-do-consumidor\/","name":"A evolu\u00e7\u00e3o do consumidor no Brasil, apresentado por Amazon Ads","isPartOf":{"@id":"https:\/\/especiais.estadao.com.br\/amazon\/evolucao-do-consumidor\/#website"},"datePublished":"2025-12-29T12:05:30+00:00","dateModified":"2026-01-02T16:45:56+00:00","description":"Unidos por paix\u00f5es e n\u00e3o mais divididos pela idade","breadcrumb":{"@id":"https:\/\/especiais.estadao.com.br\/amazon\/evolucao-do-consumidor\/#breadcrumb"},"inLanguage":"pt-BR","potentialAction":[{"@type":"ReadAction","target":["https:\/\/especiais.estadao.com.br\/amazon\/evolucao-do-consumidor\/"]}]},{"@type":"BreadcrumbList","@id":"https:\/\/especiais.estadao.com.br\/amazon\/evolucao-do-consumidor\/#breadcrumb","itemListElement":[{"@type":"ListItem","position":1,"name":"In\u00edcio","item":"https:\/\/especiais.estadao.com.br\/amazon\/evolucao-do-consumidor\/"},{"@type":"ListItem","position":2,"name":"Amazon \u2013 Evolu\u00e7\u00e3o do Consumidor"}]},{"@type":"WebSite","@id":"https:\/\/especiais.estadao.com.br\/amazon\/evolucao-do-consumidor\/#website","url":"https:\/\/especiais.estadao.com.br\/amazon\/evolucao-do-consumidor\/","name":"A evolu\u00e7\u00e3o do consumidor no Brasil, apresentado por Amazon Ads","description":"Unidos por paix\u00f5es e n\u00e3o mais divididos pela idade","potentialAction":[{"@type":"SearchAction","target":{"@type":"EntryPoint","urlTemplate":"https:\/\/especiais.estadao.com.br\/amazon\/evolucao-do-consumidor\/?s={search_term_string}"},"query-input":{"@type":"PropertyValueSpecification","valueRequired":true,"valueName":"search_term_string"}}],"inLanguage":"pt-BR"}]}},"_links":{"self":[{"href":"https:\/\/especiais.estadao.com.br\/amazon\/evolucao-do-consumidor\/index.php\/wp-json\/wp\/v2\/pages\/6","targetHints":{"allow":["GET"]}}],"collection":[{"href":"https:\/\/especiais.estadao.com.br\/amazon\/evolucao-do-consumidor\/index.php\/wp-json\/wp\/v2\/pages"}],"about":[{"href":"https:\/\/especiais.estadao.com.br\/amazon\/evolucao-do-consumidor\/index.php\/wp-json\/wp\/v2\/types\/page"}],"author":[{"embeddable":true,"href":"https:\/\/especiais.estadao.com.br\/amazon\/evolucao-do-consumidor\/index.php\/wp-json\/wp\/v2\/users\/1"}],"replies":[{"embeddable":true,"href":"https:\/\/especiais.estadao.com.br\/amazon\/evolucao-do-consumidor\/index.php\/wp-json\/wp\/v2\/comments?post=6"}],"version-history":[{"count":1,"href":"https:\/\/especiais.estadao.com.br\/amazon\/evolucao-do-consumidor\/index.php\/wp-json\/wp\/v2\/pages\/6\/revisions"}],"predecessor-version":[{"id":7,"href":"https:\/\/especiais.estadao.com.br\/amazon\/evolucao-do-consumidor\/index.php\/wp-json\/wp\/v2\/pages\/6\/revisions\/7"}],"wp:attachment":[{"href":"https:\/\/especiais.estadao.com.br\/amazon\/evolucao-do-consumidor\/index.php\/wp-json\/wp\/v2\/media?parent=6"}],"curies":[{"name":"wp","href":"https:\/\/api.w.org\/{rel}","templated":true}]}}